{"id":10332,"date":"2024-10-30T04:34:30","date_gmt":"2024-10-30T04:34:30","guid":{"rendered":"https:\/\/maquinsa.com.ni\/redesign\/?post_type=product&#038;p=10332"},"modified":"2024-10-30T04:34:30","modified_gmt":"2024-10-30T04:34:30","slug":"ambientasol","status":"publish","type":"product","link":"https:\/\/maquinsa.com.ni\/redesign\/producto\/ambientasol\/","title":{"rendered":"Ambientasol"},"content":{"rendered":"","protected":false},"excerpt":{"rendered":"<p class=\"p1\">Nuestro ambientador para pisos y superficies es un desinfectante y limpiador de alto nivel, puede ser utilizado en m\u00faltiples superficies como pisos, ba\u00f1os, mesas y cocinas. Ideal para: cer\u00e1mica,<span class=\"Apple-converted-space\">\u00a0 <\/span>madera, granito y m\u00e1s. Ambientasol neutraliza malos olores, virus, bacterias y deja un aroma fresco.<\/p>\n<p class=\"p1\"><strong>Fragancias disponibles:<\/strong> Lavanda, lim\u00f3n, manzana roja, manzana verde, menta, bouquete, canela, frutal, floral, beb\u00e9, menta y ambientadores de temporada.<\/p>\n","protected":false},"featured_media":10195,"comment_status":"open","ping_status":"closed","template":"","meta":{"_joinchat":[]},"product_brand":[],"product_cat":[110],"product_tag":[],"class_list":{"0":"post-10332","1":"product","2":"type-product","3":"status-publish","4":"has-post-thumbnail","6":"product_cat-desinfectante","8":"first","9":"instock","10":"virtual","11":"purchasable","12":"product-type-simple"},"_links":{"self":[{"href":"https:\/\/maquinsa.com.ni\/redesign\/wp-json\/wp\/v2\/product\/10332","targetHints":{"allow":["GET"]}}],"collection":[{"href":"https:\/\/maquinsa.com.ni\/redesign\/wp-json\/wp\/v2\/product"}],"about":[{"href":"https:\/\/maquinsa.com.ni\/redesign\/wp-json\/wp\/v2\/types\/product"}],"replies":[{"embeddable":true,"href":"https:\/\/maquinsa.com.ni\/redesign\/wp-json\/wp\/v2\/comments?post=10332"}],"version-history":[{"count":1,"href":"https:\/\/maquinsa.com.ni\/redesign\/wp-json\/wp\/v2\/product\/10332\/revisions"}],"predecessor-version":[{"id":10333,"href":"https:\/\/maquinsa.com.ni\/redesign\/wp-json\/wp\/v2\/product\/10332\/revisions\/10333"}],"wp:featuredmedia":[{"embeddable":true,"href":"https:\/\/maquinsa.com.ni\/redesign\/wp-json\/wp\/v2\/media\/10195"}],"wp:attachment":[{"href":"https:\/\/maquinsa.com.ni\/redesign\/wp-json\/wp\/v2\/media?parent=10332"}],"wp:term":[{"taxonomy":"product_brand","embeddable":true,"href":"https:\/\/maquinsa.com.ni\/redesign\/wp-json\/wp\/v2\/product_brand?post=10332"},{"taxonomy":"product_cat","embeddable":true,"href":"https:\/\/maquinsa.com.ni\/redesign\/wp-json\/wp\/v2\/product_cat?post=10332"},{"taxonomy":"product_tag","embeddable":true,"href":"https:\/\/maquinsa.com.ni\/redesign\/wp-json\/wp\/v2\/product_tag?post=10332"}],"curies":[{"name":"wp","href":"https:\/\/api.w.org\/{rel}","templated":true}]}}