{"id":10370,"date":"2024-11-11T16:09:40","date_gmt":"2024-11-11T16:09:40","guid":{"rendered":"https:\/\/maquinsa.com.ni\/redesign\/?post_type=product&#038;p=10370"},"modified":"2024-11-11T16:09:40","modified_gmt":"2024-11-11T16:09:40","slug":"sanitisu-clasico-250m-2p","status":"publish","type":"product","link":"https:\/\/maquinsa.com.ni\/redesign\/producto\/sanitisu-clasico-250m-2p\/","title":{"rendered":"Sanitisu cl\u00e1sico 250m 2P"},"content":{"rendered":"","protected":false},"excerpt":{"rendered":"<p class=\"p1\">Consigue la combinaci\u00f3n perfecta entre comodidad y econom\u00eda, el papel cl\u00e1sico 250m doble hoja te permite brindar a tus colaboradores o clientes una experiencia de suavidad y resistencia.<\/p>\n<p class=\"p1\"><strong>Color<\/strong>; Blanco<br \/>\n<strong>Metraje<\/strong>; 250m<br \/>\n<strong>Bulto<\/strong>; 6 unidades<br \/>\n<strong>Fragancia<\/strong>; No<\/p>\n","protected":false},"featured_media":10371,"comment_status":"open","ping_status":"closed","template":"","meta":{"_joinchat":[]},"product_brand":[],"product_cat":[84,92],"product_tag":[],"class_list":{"0":"post-10370","1":"product","2":"type-product","3":"status-publish","4":"has-post-thumbnail","6":"product_cat-papel-higienico","7":"product_cat-rollo-jumbo","9":"first","10":"instock","11":"virtual","12":"purchasable","13":"product-type-simple"},"_links":{"self":[{"href":"https:\/\/maquinsa.com.ni\/redesign\/wp-json\/wp\/v2\/product\/10370","targetHints":{"allow":["GET"]}}],"collection":[{"href":"https:\/\/maquinsa.com.ni\/redesign\/wp-json\/wp\/v2\/product"}],"about":[{"href":"https:\/\/maquinsa.com.ni\/redesign\/wp-json\/wp\/v2\/types\/product"}],"replies":[{"embeddable":true,"href":"https:\/\/maquinsa.com.ni\/redesign\/wp-json\/wp\/v2\/comments?post=10370"}],"version-history":[{"count":1,"href":"https:\/\/maquinsa.com.ni\/redesign\/wp-json\/wp\/v2\/product\/10370\/revisions"}],"predecessor-version":[{"id":10374,"href":"https:\/\/maquinsa.com.ni\/redesign\/wp-json\/wp\/v2\/product\/10370\/revisions\/10374"}],"wp:featuredmedia":[{"embeddable":true,"href":"https:\/\/maquinsa.com.ni\/redesign\/wp-json\/wp\/v2\/media\/10371"}],"wp:attachment":[{"href":"https:\/\/maquinsa.com.ni\/redesign\/wp-json\/wp\/v2\/media?parent=10370"}],"wp:term":[{"taxonomy":"product_brand","embeddable":true,"href":"https:\/\/maquinsa.com.ni\/redesign\/wp-json\/wp\/v2\/product_brand?post=10370"},{"taxonomy":"product_cat","embeddable":true,"href":"https:\/\/maquinsa.com.ni\/redesign\/wp-json\/wp\/v2\/product_cat?post=10370"},{"taxonomy":"product_tag","embeddable":true,"href":"https:\/\/maquinsa.com.ni\/redesign\/wp-json\/wp\/v2\/product_tag?post=10370"}],"curies":[{"name":"wp","href":"https:\/\/api.w.org\/{rel}","templated":true}]}}