{"id":10383,"date":"2024-11-11T16:32:55","date_gmt":"2024-11-11T16:32:55","guid":{"rendered":"https:\/\/maquinsa.com.ni\/redesign\/?post_type=product&#038;p=10383"},"modified":"2024-11-11T16:35:53","modified_gmt":"2024-11-11T16:35:53","slug":"scott-express-400m-1p","status":"publish","type":"product","link":"https:\/\/maquinsa.com.ni\/redesign\/producto\/scott-express-400m-1p\/","title":{"rendered":"Scott Express 400m 1P"},"content":{"rendered":"","protected":false},"excerpt":{"rendered":"<p class=\"p1\">La combinaci\u00f3n perfecta en calidad y rendimiento. El papel higi\u00e9nico Scott express de 400 metros esta dise\u00f1ado para ofrecer suavidad y resistencia, asegurando que cada uso sea c\u00f3modo y efectivo. Con su impresionante longitud de 400 metros, este rollo proporciona una durabilidad excepcional, lo que significa menos cambios y m\u00e1s tranquilidad. Perfecto para Industrias, zonas comerciales y oficinas con alto tr\u00e1fico.<\/p>\n<p class=\"p1\"><strong>Color<\/strong>; Blanco<br \/>\n<strong>Metraje<\/strong>; 400m<br \/>\n<strong>Bulto<\/strong>; 6 unidades<br \/>\n<strong>Fragancia<\/strong>; No<\/p>\n","protected":false},"featured_media":10384,"comment_status":"open","ping_status":"closed","template":"","meta":{"_joinchat":[]},"product_brand":[],"product_cat":[84,92],"product_tag":[],"class_list":{"0":"post-10383","1":"product","2":"type-product","3":"status-publish","4":"has-post-thumbnail","6":"product_cat-papel-higienico","7":"product_cat-rollo-jumbo","9":"first","10":"instock","11":"virtual","12":"purchasable","13":"product-type-simple"},"_links":{"self":[{"href":"https:\/\/maquinsa.com.ni\/redesign\/wp-json\/wp\/v2\/product\/10383","targetHints":{"allow":["GET"]}}],"collection":[{"href":"https:\/\/maquinsa.com.ni\/redesign\/wp-json\/wp\/v2\/product"}],"about":[{"href":"https:\/\/maquinsa.com.ni\/redesign\/wp-json\/wp\/v2\/types\/product"}],"replies":[{"embeddable":true,"href":"https:\/\/maquinsa.com.ni\/redesign\/wp-json\/wp\/v2\/comments?post=10383"}],"version-history":[{"count":1,"href":"https:\/\/maquinsa.com.ni\/redesign\/wp-json\/wp\/v2\/product\/10383\/revisions"}],"predecessor-version":[{"id":10385,"href":"https:\/\/maquinsa.com.ni\/redesign\/wp-json\/wp\/v2\/product\/10383\/revisions\/10385"}],"wp:featuredmedia":[{"embeddable":true,"href":"https:\/\/maquinsa.com.ni\/redesign\/wp-json\/wp\/v2\/media\/10384"}],"wp:attachment":[{"href":"https:\/\/maquinsa.com.ni\/redesign\/wp-json\/wp\/v2\/media?parent=10383"}],"wp:term":[{"taxonomy":"product_brand","embeddable":true,"href":"https:\/\/maquinsa.com.ni\/redesign\/wp-json\/wp\/v2\/product_brand?post=10383"},{"taxonomy":"product_cat","embeddable":true,"href":"https:\/\/maquinsa.com.ni\/redesign\/wp-json\/wp\/v2\/product_cat?post=10383"},{"taxonomy":"product_tag","embeddable":true,"href":"https:\/\/maquinsa.com.ni\/redesign\/wp-json\/wp\/v2\/product_tag?post=10383"}],"curies":[{"name":"wp","href":"https:\/\/api.w.org\/{rel}","templated":true}]}}