{"id":10417,"date":"2024-11-11T20:13:27","date_gmt":"2024-11-11T20:13:27","guid":{"rendered":"https:\/\/maquinsa.com.ni\/redesign\/?post_type=product&#038;p=10417"},"modified":"2024-11-11T20:13:27","modified_gmt":"2024-11-11T20:13:27","slug":"toalla-scott-basic-200m","status":"publish","type":"product","link":"https:\/\/maquinsa.com.ni\/redesign\/producto\/toalla-scott-basic-200m\/","title":{"rendered":"Toalla Scott Basic 200m"},"content":{"rendered":"","protected":false},"excerpt":{"rendered":"<p class=\"p1\">\u00bfPapel toalla ec\u00f3mico y de calidad? si es posible con la toalla scott 200m, su tecnolog\u00eda airflex ser\u00e1 tu mejor aliada para garantizar el ahorro en cada uso, sus capsulas de aire aumentan la absorci\u00f3n, garantizando un completo secado con una sola toalla.<\/p>\n<p class=\"p1\"><strong>Color<\/strong>; Blanco<br \/>\n<strong>Metraje<\/strong>; 200m<\/p>\n","protected":false},"featured_media":10418,"comment_status":"open","ping_status":"closed","template":"","meta":{"_joinchat":[]},"product_brand":[],"product_cat":[94,95],"product_tag":[],"class_list":{"0":"post-10417","1":"product","2":"type-product","3":"status-publish","4":"has-post-thumbnail","6":"product_cat-papel-toalla","7":"product_cat-rollo-jumbo-papel-toalla","9":"first","10":"instock","11":"virtual","12":"purchasable","13":"product-type-simple"},"_links":{"self":[{"href":"https:\/\/maquinsa.com.ni\/redesign\/wp-json\/wp\/v2\/product\/10417","targetHints":{"allow":["GET"]}}],"collection":[{"href":"https:\/\/maquinsa.com.ni\/redesign\/wp-json\/wp\/v2\/product"}],"about":[{"href":"https:\/\/maquinsa.com.ni\/redesign\/wp-json\/wp\/v2\/types\/product"}],"replies":[{"embeddable":true,"href":"https:\/\/maquinsa.com.ni\/redesign\/wp-json\/wp\/v2\/comments?post=10417"}],"version-history":[{"count":1,"href":"https:\/\/maquinsa.com.ni\/redesign\/wp-json\/wp\/v2\/product\/10417\/revisions"}],"predecessor-version":[{"id":10419,"href":"https:\/\/maquinsa.com.ni\/redesign\/wp-json\/wp\/v2\/product\/10417\/revisions\/10419"}],"wp:featuredmedia":[{"embeddable":true,"href":"https:\/\/maquinsa.com.ni\/redesign\/wp-json\/wp\/v2\/media\/10418"}],"wp:attachment":[{"href":"https:\/\/maquinsa.com.ni\/redesign\/wp-json\/wp\/v2\/media?parent=10417"}],"wp:term":[{"taxonomy":"product_brand","embeddable":true,"href":"https:\/\/maquinsa.com.ni\/redesign\/wp-json\/wp\/v2\/product_brand?post=10417"},{"taxonomy":"product_cat","embeddable":true,"href":"https:\/\/maquinsa.com.ni\/redesign\/wp-json\/wp\/v2\/product_cat?post=10417"},{"taxonomy":"product_tag","embeddable":true,"href":"https:\/\/maquinsa.com.ni\/redesign\/wp-json\/wp\/v2\/product_tag?post=10417"}],"curies":[{"name":"wp","href":"https:\/\/api.w.org\/{rel}","templated":true}]}}