{"id":10431,"date":"2024-11-11T20:39:23","date_gmt":"2024-11-11T20:39:23","guid":{"rendered":"https:\/\/maquinsa.com.ni\/redesign\/?post_type=product&#038;p=10431"},"modified":"2024-11-11T20:49:38","modified_gmt":"2024-11-11T20:49:38","slug":"toalla-scott-blanca-400m","status":"publish","type":"product","link":"https:\/\/maquinsa.com.ni\/redesign\/producto\/toalla-scott-blanca-400m\/","title":{"rendered":"Toalla Scott Blanca 400m"},"content":{"rendered":"","protected":false},"excerpt":{"rendered":"<p class=\"p1\">Toalla Jumbo Scott 400m blanca su textura suave y de alta absorci\u00f3n es gracias a su tecnolog\u00eda AIRFLEX. Sus capsulas de aire atrapan la humedad de tus manos, lo que promete la reducci\u00f3n de usos. Ideal para industrias de alto tr\u00e1fico, oficinas, centros comerciales, restaurantes y m\u00e1s.\u00a0Sus colaboradores o clientes solo necesitaran una hoja para secarse.<\/p>\n<p class=\"p1\"><strong>Color<\/strong>; Blanca<br \/>\n<strong>Metraje<\/strong>; 400m<br \/>\n<strong>Bulto<\/strong>; 4 unidades<\/p>\n","protected":false},"featured_media":10418,"comment_status":"open","ping_status":"closed","template":"","meta":{"_joinchat":[]},"product_brand":[],"product_cat":[94,95],"product_tag":[],"class_list":{"0":"post-10431","1":"product","2":"type-product","3":"status-publish","4":"has-post-thumbnail","6":"product_cat-papel-toalla","7":"product_cat-rollo-jumbo-papel-toalla","9":"first","10":"instock","11":"virtual","12":"purchasable","13":"product-type-simple"},"_links":{"self":[{"href":"https:\/\/maquinsa.com.ni\/redesign\/wp-json\/wp\/v2\/product\/10431","targetHints":{"allow":["GET"]}}],"collection":[{"href":"https:\/\/maquinsa.com.ni\/redesign\/wp-json\/wp\/v2\/product"}],"about":[{"href":"https:\/\/maquinsa.com.ni\/redesign\/wp-json\/wp\/v2\/types\/product"}],"replies":[{"embeddable":true,"href":"https:\/\/maquinsa.com.ni\/redesign\/wp-json\/wp\/v2\/comments?post=10431"}],"version-history":[{"count":1,"href":"https:\/\/maquinsa.com.ni\/redesign\/wp-json\/wp\/v2\/product\/10431\/revisions"}],"predecessor-version":[{"id":10433,"href":"https:\/\/maquinsa.com.ni\/redesign\/wp-json\/wp\/v2\/product\/10431\/revisions\/10433"}],"wp:featuredmedia":[{"embeddable":true,"href":"https:\/\/maquinsa.com.ni\/redesign\/wp-json\/wp\/v2\/media\/10418"}],"wp:attachment":[{"href":"https:\/\/maquinsa.com.ni\/redesign\/wp-json\/wp\/v2\/media?parent=10431"}],"wp:term":[{"taxonomy":"product_brand","embeddable":true,"href":"https:\/\/maquinsa.com.ni\/redesign\/wp-json\/wp\/v2\/product_brand?post=10431"},{"taxonomy":"product_cat","embeddable":true,"href":"https:\/\/maquinsa.com.ni\/redesign\/wp-json\/wp\/v2\/product_cat?post=10431"},{"taxonomy":"product_tag","embeddable":true,"href":"https:\/\/maquinsa.com.ni\/redesign\/wp-json\/wp\/v2\/product_tag?post=10431"}],"curies":[{"name":"wp","href":"https:\/\/api.w.org\/{rel}","templated":true}]}}