{"id":10443,"date":"2024-11-11T20:58:33","date_gmt":"2024-11-11T20:58:33","guid":{"rendered":"https:\/\/maquinsa.com.ni\/redesign\/?post_type=product&#038;p=10443"},"modified":"2024-11-11T20:58:43","modified_gmt":"2024-11-11T20:58:43","slug":"kleenex-450h-2p","status":"publish","type":"product","link":"https:\/\/maquinsa.com.ni\/redesign\/producto\/kleenex-450h-2p\/","title":{"rendered":"Kleenex 450H 2p"},"content":{"rendered":"","protected":false},"excerpt":{"rendered":"<p class=\"p1\">El rollo perfecto que da un balance entre calidad y precio. Rollito papel Kleenex es altamente resistente, con una fragancia sutil para mejorar la experiencia en cada uso. Sus dos pliegos de papel est\u00e1n dise\u00f1ado para ofrecer la m\u00e1xima suavidad y comodidad. Ideal para el uso diario, su textura suave lo convierte en la opci\u00f3n perfecta para la higiene personal, el cuidado de la piel y tareas delicadas. Adem\u00e1s, su alta absorci\u00f3n y durabilidad aseguran un rendimiento superior, brindando una experiencia de uso placentera y eficaz. Perfecto para hoteles, restaurantes, hogares, oficinas y m\u00e1s.<\/p>\n","protected":false},"featured_media":10444,"comment_status":"open","ping_status":"closed","template":"","meta":{"_joinchat":[]},"product_brand":[],"product_cat":[84,93],"product_tag":[],"class_list":{"0":"post-10443","1":"product","2":"type-product","3":"status-publish","4":"has-post-thumbnail","6":"product_cat-papel-higienico","7":"product_cat-rollo-pequeno","9":"first","10":"instock","11":"virtual","12":"purchasable","13":"product-type-simple"},"_links":{"self":[{"href":"https:\/\/maquinsa.com.ni\/redesign\/wp-json\/wp\/v2\/product\/10443","targetHints":{"allow":["GET"]}}],"collection":[{"href":"https:\/\/maquinsa.com.ni\/redesign\/wp-json\/wp\/v2\/product"}],"about":[{"href":"https:\/\/maquinsa.com.ni\/redesign\/wp-json\/wp\/v2\/types\/product"}],"replies":[{"embeddable":true,"href":"https:\/\/maquinsa.com.ni\/redesign\/wp-json\/wp\/v2\/comments?post=10443"}],"version-history":[{"count":1,"href":"https:\/\/maquinsa.com.ni\/redesign\/wp-json\/wp\/v2\/product\/10443\/revisions"}],"predecessor-version":[{"id":10445,"href":"https:\/\/maquinsa.com.ni\/redesign\/wp-json\/wp\/v2\/product\/10443\/revisions\/10445"}],"wp:featuredmedia":[{"embeddable":true,"href":"https:\/\/maquinsa.com.ni\/redesign\/wp-json\/wp\/v2\/media\/10444"}],"wp:attachment":[{"href":"https:\/\/maquinsa.com.ni\/redesign\/wp-json\/wp\/v2\/media?parent=10443"}],"wp:term":[{"taxonomy":"product_brand","embeddable":true,"href":"https:\/\/maquinsa.com.ni\/redesign\/wp-json\/wp\/v2\/product_brand?post=10443"},{"taxonomy":"product_cat","embeddable":true,"href":"https:\/\/maquinsa.com.ni\/redesign\/wp-json\/wp\/v2\/product_cat?post=10443"},{"taxonomy":"product_tag","embeddable":true,"href":"https:\/\/maquinsa.com.ni\/redesign\/wp-json\/wp\/v2\/product_tag?post=10443"}],"curies":[{"name":"wp","href":"https:\/\/api.w.org\/{rel}","templated":true}]}}