{"id":10501,"date":"2024-11-16T23:13:15","date_gmt":"2024-11-16T23:13:15","guid":{"rendered":"https:\/\/maquinsa.com.ni\/redesign\/?post_type=product&#038;p=10501"},"modified":"2024-11-16T23:28:57","modified_gmt":"2024-11-16T23:28:57","slug":"wypall-x70","status":"publish","type":"product","link":"https:\/\/maquinsa.com.ni\/redesign\/producto\/wypall-x70\/","title":{"rendered":"Wypall X70"},"content":{"rendered":"","protected":false},"excerpt":{"rendered":"<p class=\"p1\">Conozca los pa\u00f1os X70 reutilizables, los cuales cuentan con una resistencia superior y le permitir\u00e1n lograr una m\u00e1xima absorci\u00f3n de l\u00edquidos y aceites as\u00ed como una m\u00e1xima velocidad de absorci\u00f3n. Asimismo, lograr\u00e1 un mayor poder de limpieza gracias a la tecnolog\u00eda Power Pockets. Ideal para industria automotriz, zonas francas, alimenticias y m\u00e1s.<\/p>\n","protected":false},"featured_media":10506,"comment_status":"open","ping_status":"closed","template":"","meta":{"_joinchat":[]},"product_brand":[],"product_cat":[96],"product_tag":[],"class_list":{"0":"post-10501","1":"product","2":"type-product","3":"status-publish","4":"has-post-thumbnail","6":"product_cat-toalla-interfoliada","8":"first","9":"instock","10":"virtual","11":"purchasable","12":"product-type-simple"},"_links":{"self":[{"href":"https:\/\/maquinsa.com.ni\/redesign\/wp-json\/wp\/v2\/product\/10501","targetHints":{"allow":["GET"]}}],"collection":[{"href":"https:\/\/maquinsa.com.ni\/redesign\/wp-json\/wp\/v2\/product"}],"about":[{"href":"https:\/\/maquinsa.com.ni\/redesign\/wp-json\/wp\/v2\/types\/product"}],"replies":[{"embeddable":true,"href":"https:\/\/maquinsa.com.ni\/redesign\/wp-json\/wp\/v2\/comments?post=10501"}],"version-history":[{"count":1,"href":"https:\/\/maquinsa.com.ni\/redesign\/wp-json\/wp\/v2\/product\/10501\/revisions"}],"predecessor-version":[{"id":10510,"href":"https:\/\/maquinsa.com.ni\/redesign\/wp-json\/wp\/v2\/product\/10501\/revisions\/10510"}],"wp:featuredmedia":[{"embeddable":true,"href":"https:\/\/maquinsa.com.ni\/redesign\/wp-json\/wp\/v2\/media\/10506"}],"wp:attachment":[{"href":"https:\/\/maquinsa.com.ni\/redesign\/wp-json\/wp\/v2\/media?parent=10501"}],"wp:term":[{"taxonomy":"product_brand","embeddable":true,"href":"https:\/\/maquinsa.com.ni\/redesign\/wp-json\/wp\/v2\/product_brand?post=10501"},{"taxonomy":"product_cat","embeddable":true,"href":"https:\/\/maquinsa.com.ni\/redesign\/wp-json\/wp\/v2\/product_cat?post=10501"},{"taxonomy":"product_tag","embeddable":true,"href":"https:\/\/maquinsa.com.ni\/redesign\/wp-json\/wp\/v2\/product_tag?post=10501"}],"curies":[{"name":"wp","href":"https:\/\/api.w.org\/{rel}","templated":true}]}}