{"id":10514,"date":"2024-11-16T23:23:09","date_gmt":"2024-11-16T23:23:09","guid":{"rendered":"https:\/\/maquinsa.com.ni\/redesign\/?post_type=product&#038;p=10514"},"modified":"2024-11-16T23:23:09","modified_gmt":"2024-11-16T23:23:09","slug":"wypall-x80","status":"publish","type":"product","link":"https:\/\/maquinsa.com.ni\/redesign\/producto\/wypall-x80\/","title":{"rendered":"Wypall X80"},"content":{"rendered":"","protected":false},"excerpt":{"rendered":"<p class=\"p1\">El pa\u00f1o WypAll X80 reutilizable es recomendado para limpieza especializada con codificaci\u00f3n de colores. Formulado con prolipropileno y celulosa, su dise\u00f1o doblado en colores azul, verde, rojo y amarillo proporcionar\u00e1 un mejor control sanitario para evitar contaminaciones cruzadas. Cada paquete contiene 30 pa\u00f1os.<\/p>\n","protected":false},"featured_media":10516,"comment_status":"open","ping_status":"closed","template":"","meta":{"_joinchat":[]},"product_brand":[],"product_cat":[112,96],"product_tag":[],"class_list":{"0":"post-10514","1":"product","2":"type-product","3":"status-publish","4":"has-post-thumbnail","6":"product_cat-pano-facial-y-alcohol","7":"product_cat-toalla-interfoliada","9":"first","10":"instock","11":"virtual","12":"purchasable","13":"product-type-simple"},"_links":{"self":[{"href":"https:\/\/maquinsa.com.ni\/redesign\/wp-json\/wp\/v2\/product\/10514","targetHints":{"allow":["GET"]}}],"collection":[{"href":"https:\/\/maquinsa.com.ni\/redesign\/wp-json\/wp\/v2\/product"}],"about":[{"href":"https:\/\/maquinsa.com.ni\/redesign\/wp-json\/wp\/v2\/types\/product"}],"replies":[{"embeddable":true,"href":"https:\/\/maquinsa.com.ni\/redesign\/wp-json\/wp\/v2\/comments?post=10514"}],"version-history":[{"count":1,"href":"https:\/\/maquinsa.com.ni\/redesign\/wp-json\/wp\/v2\/product\/10514\/revisions"}],"predecessor-version":[{"id":10517,"href":"https:\/\/maquinsa.com.ni\/redesign\/wp-json\/wp\/v2\/product\/10514\/revisions\/10517"}],"wp:featuredmedia":[{"embeddable":true,"href":"https:\/\/maquinsa.com.ni\/redesign\/wp-json\/wp\/v2\/media\/10516"}],"wp:attachment":[{"href":"https:\/\/maquinsa.com.ni\/redesign\/wp-json\/wp\/v2\/media?parent=10514"}],"wp:term":[{"taxonomy":"product_brand","embeddable":true,"href":"https:\/\/maquinsa.com.ni\/redesign\/wp-json\/wp\/v2\/product_brand?post=10514"},{"taxonomy":"product_cat","embeddable":true,"href":"https:\/\/maquinsa.com.ni\/redesign\/wp-json\/wp\/v2\/product_cat?post=10514"},{"taxonomy":"product_tag","embeddable":true,"href":"https:\/\/maquinsa.com.ni\/redesign\/wp-json\/wp\/v2\/product_tag?post=10514"}],"curies":[{"name":"wp","href":"https:\/\/api.w.org\/{rel}","templated":true}]}}