{"id":10518,"date":"2024-11-16T23:28:13","date_gmt":"2024-11-16T23:28:13","guid":{"rendered":"https:\/\/maquinsa.com.ni\/redesign\/?post_type=product&#038;p=10518"},"modified":"2024-11-16T23:28:14","modified_gmt":"2024-11-16T23:28:14","slug":"wypall-microfibras","status":"publish","type":"product","link":"https:\/\/maquinsa.com.ni\/redesign\/producto\/wypall-microfibras\/","title":{"rendered":"Wypall Microfibras"},"content":{"rendered":"","protected":false},"excerpt":{"rendered":"<p class=\"p1\">Los pa\u00f1os de microfibra Wypall son capaces de absorber hasta 8 veces su peso en l\u00edquido y son el producto reutilizable perfecto para limpiar cualquier superficie. Con una vida \u00fatil de hasta 300 lavados, los pa\u00f1os son una opci\u00f3n m\u00e1s rentable para los profesionales de la limpieza de entornos concurridos. La microfibra de los pa\u00f1os recoge, atrapa la suciedad y la humedad, y deja las superficies limpias y secas para que la limpieza requiera menos tiempo, en comparaci\u00f3n con los pa\u00f1os de algod\u00f3n que solo mueven la suciedad y la humedad por el lugar.<\/p>\n<p class=\"p1\">Tama\u00f1o de hoja individual: 40x40cm.<br \/>\nPaquete de 6 unidades de pa\u00f1o.<br \/>\nColores; Verde, azul y amarillo<br \/>\nNota; La microfibra verde fue dise\u00f1ada exclusivamente para ser empleada en superfivies cristalinas como ventanales, copas y cualquier objeto con estas caracter\u00edsticas que requiera evitar los rastros de marcas o peluza. El wypall microfibra verde renueva la apariencia de sus cristales.<\/p>\n","protected":false},"featured_media":10505,"comment_status":"open","ping_status":"closed","template":"","meta":{"_joinchat":[]},"product_brand":[],"product_cat":[112,96],"product_tag":[],"class_list":{"0":"post-10518","1":"product","2":"type-product","3":"status-publish","4":"has-post-thumbnail","6":"product_cat-pano-facial-y-alcohol","7":"product_cat-toalla-interfoliada","9":"first","10":"instock","11":"shipping-taxable","12":"purchasable","13":"product-type-variable"},"_links":{"self":[{"href":"https:\/\/maquinsa.com.ni\/redesign\/wp-json\/wp\/v2\/product\/10518","targetHints":{"allow":["GET"]}}],"collection":[{"href":"https:\/\/maquinsa.com.ni\/redesign\/wp-json\/wp\/v2\/product"}],"about":[{"href":"https:\/\/maquinsa.com.ni\/redesign\/wp-json\/wp\/v2\/types\/product"}],"replies":[{"embeddable":true,"href":"https:\/\/maquinsa.com.ni\/redesign\/wp-json\/wp\/v2\/comments?post=10518"}],"version-history":[{"count":1,"href":"https:\/\/maquinsa.com.ni\/redesign\/wp-json\/wp\/v2\/product\/10518\/revisions"}],"predecessor-version":[{"id":10522,"href":"https:\/\/maquinsa.com.ni\/redesign\/wp-json\/wp\/v2\/product\/10518\/revisions\/10522"}],"wp:featuredmedia":[{"embeddable":true,"href":"https:\/\/maquinsa.com.ni\/redesign\/wp-json\/wp\/v2\/media\/10505"}],"wp:attachment":[{"href":"https:\/\/maquinsa.com.ni\/redesign\/wp-json\/wp\/v2\/media?parent=10518"}],"wp:term":[{"taxonomy":"product_brand","embeddable":true,"href":"https:\/\/maquinsa.com.ni\/redesign\/wp-json\/wp\/v2\/product_brand?post=10518"},{"taxonomy":"product_cat","embeddable":true,"href":"https:\/\/maquinsa.com.ni\/redesign\/wp-json\/wp\/v2\/product_cat?post=10518"},{"taxonomy":"product_tag","embeddable":true,"href":"https:\/\/maquinsa.com.ni\/redesign\/wp-json\/wp\/v2\/product_tag?post=10518"}],"curies":[{"name":"wp","href":"https:\/\/api.w.org\/{rel}","templated":true}]}}