{"id":10763,"date":"2024-12-18T20:35:29","date_gmt":"2024-12-18T20:35:29","guid":{"rendered":"https:\/\/maquinsa.com.ni\/redesign\/?post_type=product&#038;p=10763"},"modified":"2024-12-18T20:37:05","modified_gmt":"2024-12-18T20:37:05","slug":"carrito-de-conserjeria-estandar","status":"publish","type":"product","link":"https:\/\/maquinsa.com.ni\/redesign\/producto\/carrito-de-conserjeria-estandar\/","title":{"rendered":"Carrito de Conserjer\u00eda Est\u00e1ndar"},"content":{"rendered":"","protected":false},"excerpt":{"rendered":"<p class=\"p1\">El carro de conserjer\u00eda es una soluci\u00f3n eficiente y pr\u00e1ctica para el manejo y transporte de productos de limpieza y residuos. Equipado con un basurero integrado y un transportador de productos de limpieza, este carro facilita las tareas de mantenimiento y limpieza en oficinas, hoteles, hospitales o cualquier espacio que requiera un servicio constante de higiene.<\/p>\n","protected":false},"featured_media":10764,"comment_status":"open","ping_status":"closed","template":"","meta":{"_joinchat":[]},"product_brand":[],"product_cat":[118],"product_tag":[],"class_list":{"0":"post-10763","1":"product","2":"type-product","3":"status-publish","4":"has-post-thumbnail","6":"product_cat-utensilios-de-limpieza","8":"first","9":"instock","10":"virtual","11":"purchasable","12":"product-type-simple"},"_links":{"self":[{"href":"https:\/\/maquinsa.com.ni\/redesign\/wp-json\/wp\/v2\/product\/10763","targetHints":{"allow":["GET"]}}],"collection":[{"href":"https:\/\/maquinsa.com.ni\/redesign\/wp-json\/wp\/v2\/product"}],"about":[{"href":"https:\/\/maquinsa.com.ni\/redesign\/wp-json\/wp\/v2\/types\/product"}],"replies":[{"embeddable":true,"href":"https:\/\/maquinsa.com.ni\/redesign\/wp-json\/wp\/v2\/comments?post=10763"}],"version-history":[{"count":1,"href":"https:\/\/maquinsa.com.ni\/redesign\/wp-json\/wp\/v2\/product\/10763\/revisions"}],"predecessor-version":[{"id":10765,"href":"https:\/\/maquinsa.com.ni\/redesign\/wp-json\/wp\/v2\/product\/10763\/revisions\/10765"}],"wp:featuredmedia":[{"embeddable":true,"href":"https:\/\/maquinsa.com.ni\/redesign\/wp-json\/wp\/v2\/media\/10764"}],"wp:attachment":[{"href":"https:\/\/maquinsa.com.ni\/redesign\/wp-json\/wp\/v2\/media?parent=10763"}],"wp:term":[{"taxonomy":"product_brand","embeddable":true,"href":"https:\/\/maquinsa.com.ni\/redesign\/wp-json\/wp\/v2\/product_brand?post=10763"},{"taxonomy":"product_cat","embeddable":true,"href":"https:\/\/maquinsa.com.ni\/redesign\/wp-json\/wp\/v2\/product_cat?post=10763"},{"taxonomy":"product_tag","embeddable":true,"href":"https:\/\/maquinsa.com.ni\/redesign\/wp-json\/wp\/v2\/product_tag?post=10763"}],"curies":[{"name":"wp","href":"https:\/\/api.w.org\/{rel}","templated":true}]}}