{"id":10767,"date":"2024-12-18T22:09:49","date_gmt":"2024-12-18T22:09:49","guid":{"rendered":"https:\/\/maquinsa.com.ni\/redesign\/?post_type=product&#038;p=10767"},"modified":"2024-12-18T22:09:49","modified_gmt":"2024-12-18T22:09:49","slug":"exprimidor-de-lampazos-rubbermaid-33l","status":"publish","type":"product","link":"https:\/\/maquinsa.com.ni\/redesign\/producto\/exprimidor-de-lampazos-rubbermaid-33l\/","title":{"rendered":"Exprimidor de Lampazos Rubbermaid 33L"},"content":{"rendered":"","protected":false},"excerpt":{"rendered":"<p class=\"p1\">La Cubeta Exprimidora de Rubbermaid est\u00e1 dise\u00f1ada para mejorar la eficiencia y la seguridad en las tareas de limpieza. Su innovador sistema de reducci\u00f3n de salpicaduras facilita la limpieza de suelos con menos esfuerzo para realizar el trabajo de forma m\u00e1s segura, sin sacrificar la calidad y la durabilidad. Fabricado con los m\u00e1s altos est\u00e1ndares de calidad, con una garant\u00eda l\u00edder en el sector de 5 a\u00f1os en la cubeta y de 3 a\u00f1os en el escurridor.<\/p>\n<p class=\"p1\"><b>Capacidad: <\/b>33 Litros.<\/p>\n","protected":false},"featured_media":10768,"comment_status":"open","ping_status":"closed","template":"","meta":{"_joinchat":[]},"product_brand":[],"product_cat":[118],"product_tag":[],"class_list":{"0":"post-10767","1":"product","2":"type-product","3":"status-publish","4":"has-post-thumbnail","6":"product_cat-utensilios-de-limpieza","8":"first","9":"instock","10":"virtual","11":"purchasable","12":"product-type-simple"},"_links":{"self":[{"href":"https:\/\/maquinsa.com.ni\/redesign\/wp-json\/wp\/v2\/product\/10767","targetHints":{"allow":["GET"]}}],"collection":[{"href":"https:\/\/maquinsa.com.ni\/redesign\/wp-json\/wp\/v2\/product"}],"about":[{"href":"https:\/\/maquinsa.com.ni\/redesign\/wp-json\/wp\/v2\/types\/product"}],"replies":[{"embeddable":true,"href":"https:\/\/maquinsa.com.ni\/redesign\/wp-json\/wp\/v2\/comments?post=10767"}],"version-history":[{"count":1,"href":"https:\/\/maquinsa.com.ni\/redesign\/wp-json\/wp\/v2\/product\/10767\/revisions"}],"predecessor-version":[{"id":10769,"href":"https:\/\/maquinsa.com.ni\/redesign\/wp-json\/wp\/v2\/product\/10767\/revisions\/10769"}],"wp:featuredmedia":[{"embeddable":true,"href":"https:\/\/maquinsa.com.ni\/redesign\/wp-json\/wp\/v2\/media\/10768"}],"wp:attachment":[{"href":"https:\/\/maquinsa.com.ni\/redesign\/wp-json\/wp\/v2\/media?parent=10767"}],"wp:term":[{"taxonomy":"product_brand","embeddable":true,"href":"https:\/\/maquinsa.com.ni\/redesign\/wp-json\/wp\/v2\/product_brand?post=10767"},{"taxonomy":"product_cat","embeddable":true,"href":"https:\/\/maquinsa.com.ni\/redesign\/wp-json\/wp\/v2\/product_cat?post=10767"},{"taxonomy":"product_tag","embeddable":true,"href":"https:\/\/maquinsa.com.ni\/redesign\/wp-json\/wp\/v2\/product_tag?post=10767"}],"curies":[{"name":"wp","href":"https:\/\/api.w.org\/{rel}","templated":true}]}}