{"id":10777,"date":"2024-12-18T22:25:23","date_gmt":"2024-12-18T22:25:23","guid":{"rendered":"https:\/\/maquinsa.com.ni\/redesign\/?post_type=product&#038;p=10777"},"modified":"2024-12-18T22:25:23","modified_gmt":"2024-12-18T22:25:23","slug":"papelera-vaiven-30l-20l-y-12-5l","status":"publish","type":"product","link":"https:\/\/maquinsa.com.ni\/redesign\/producto\/papelera-vaiven-30l-20l-y-12-5l\/","title":{"rendered":"Papelera vaiven 30L, 20L y 12.5L"},"content":{"rendered":"","protected":false},"excerpt":{"rendered":"<p class=\"p1\">Mant\u00e9n tus espacios ordenados y limpios con nuestras papeleras de alta capacidad. Disponibles en tama\u00f1os de 30L, 20L y 12.5L, estas papeleras son ideales para uso dom\u00e9stico, comercial e industrial. Fabricadas con materiales duraderos y resistentes, nuestras papeleras son f\u00e1ciles de limpiar y mantener. Adem\u00e1s, su dise\u00f1o elegante y moderno se adapta a cualquier decoraci\u00f3n.<\/p>\n<p class=\"p1\"><b>Tipo:<\/b> Cilindro y cuadrada, va\u00ed ven, pedal.<br \/>\n<b>Estilo:<\/b> Consulte por el disponible.<\/p>\n","protected":false},"featured_media":10778,"comment_status":"open","ping_status":"closed","template":"","meta":{"_joinchat":[]},"product_brand":[],"product_cat":[118],"product_tag":[],"class_list":{"0":"post-10777","1":"product","2":"type-product","3":"status-publish","4":"has-post-thumbnail","6":"product_cat-utensilios-de-limpieza","8":"first","9":"instock","10":"virtual","11":"purchasable","12":"product-type-simple"},"_links":{"self":[{"href":"https:\/\/maquinsa.com.ni\/redesign\/wp-json\/wp\/v2\/product\/10777","targetHints":{"allow":["GET"]}}],"collection":[{"href":"https:\/\/maquinsa.com.ni\/redesign\/wp-json\/wp\/v2\/product"}],"about":[{"href":"https:\/\/maquinsa.com.ni\/redesign\/wp-json\/wp\/v2\/types\/product"}],"replies":[{"embeddable":true,"href":"https:\/\/maquinsa.com.ni\/redesign\/wp-json\/wp\/v2\/comments?post=10777"}],"version-history":[{"count":1,"href":"https:\/\/maquinsa.com.ni\/redesign\/wp-json\/wp\/v2\/product\/10777\/revisions"}],"predecessor-version":[{"id":10779,"href":"https:\/\/maquinsa.com.ni\/redesign\/wp-json\/wp\/v2\/product\/10777\/revisions\/10779"}],"wp:featuredmedia":[{"embeddable":true,"href":"https:\/\/maquinsa.com.ni\/redesign\/wp-json\/wp\/v2\/media\/10778"}],"wp:attachment":[{"href":"https:\/\/maquinsa.com.ni\/redesign\/wp-json\/wp\/v2\/media?parent=10777"}],"wp:term":[{"taxonomy":"product_brand","embeddable":true,"href":"https:\/\/maquinsa.com.ni\/redesign\/wp-json\/wp\/v2\/product_brand?post=10777"},{"taxonomy":"product_cat","embeddable":true,"href":"https:\/\/maquinsa.com.ni\/redesign\/wp-json\/wp\/v2\/product_cat?post=10777"},{"taxonomy":"product_tag","embeddable":true,"href":"https:\/\/maquinsa.com.ni\/redesign\/wp-json\/wp\/v2\/product_tag?post=10777"}],"curies":[{"name":"wp","href":"https:\/\/api.w.org\/{rel}","templated":true}]}}