{"id":10862,"date":"2024-12-19T00:03:25","date_gmt":"2024-12-19T00:03:25","guid":{"rendered":"https:\/\/maquinsa.com.ni\/redesign\/?post_type=product&#038;p=10862"},"modified":"2024-12-19T00:03:25","modified_gmt":"2024-12-19T00:03:25","slug":"cloro-magia-blanca","status":"publish","type":"product","link":"https:\/\/maquinsa.com.ni\/redesign\/producto\/cloro-magia-blanca\/","title":{"rendered":"Cloro Magia Blanca"},"content":{"rendered":"","protected":false},"excerpt":{"rendered":"<p class=\"p1\">Ideal para una limpieza profunda y desinfecci\u00f3n eficaz en el hogar. Elimina bacterias, hongos y malos olores mientras blanquea y remueve manchas dif\u00edciles. Perfecto para pisos, paredes, muebles, cocina, inodoros, frutas, verduras y ropa. Su f\u00f3rmula vers\u00e1til asegura ambientes higi\u00e9nicos y frescos con facilidad y resultados visibles.<\/p>\n<p class=\"p1\"><b>Cant:<\/b> 200ml, 1 Gal\u00f3n<\/p>\n<p class=\"p1\"><b>Nota:<\/b> Y otras marcas.<\/p>\n","protected":false},"featured_media":10863,"comment_status":"open","ping_status":"closed","template":"","meta":{"_joinchat":[]},"product_brand":[],"product_cat":[118],"product_tag":[],"class_list":{"0":"post-10862","1":"product","2":"type-product","3":"status-publish","4":"has-post-thumbnail","6":"product_cat-utensilios-de-limpieza","8":"first","9":"instock","10":"virtual","11":"purchasable","12":"product-type-simple"},"_links":{"self":[{"href":"https:\/\/maquinsa.com.ni\/redesign\/wp-json\/wp\/v2\/product\/10862","targetHints":{"allow":["GET"]}}],"collection":[{"href":"https:\/\/maquinsa.com.ni\/redesign\/wp-json\/wp\/v2\/product"}],"about":[{"href":"https:\/\/maquinsa.com.ni\/redesign\/wp-json\/wp\/v2\/types\/product"}],"replies":[{"embeddable":true,"href":"https:\/\/maquinsa.com.ni\/redesign\/wp-json\/wp\/v2\/comments?post=10862"}],"version-history":[{"count":1,"href":"https:\/\/maquinsa.com.ni\/redesign\/wp-json\/wp\/v2\/product\/10862\/revisions"}],"predecessor-version":[{"id":10864,"href":"https:\/\/maquinsa.com.ni\/redesign\/wp-json\/wp\/v2\/product\/10862\/revisions\/10864"}],"wp:featuredmedia":[{"embeddable":true,"href":"https:\/\/maquinsa.com.ni\/redesign\/wp-json\/wp\/v2\/media\/10863"}],"wp:attachment":[{"href":"https:\/\/maquinsa.com.ni\/redesign\/wp-json\/wp\/v2\/media?parent=10862"}],"wp:term":[{"taxonomy":"product_brand","embeddable":true,"href":"https:\/\/maquinsa.com.ni\/redesign\/wp-json\/wp\/v2\/product_brand?post=10862"},{"taxonomy":"product_cat","embeddable":true,"href":"https:\/\/maquinsa.com.ni\/redesign\/wp-json\/wp\/v2\/product_cat?post=10862"},{"taxonomy":"product_tag","embeddable":true,"href":"https:\/\/maquinsa.com.ni\/redesign\/wp-json\/wp\/v2\/product_tag?post=10862"}],"curies":[{"name":"wp","href":"https:\/\/api.w.org\/{rel}","templated":true}]}}