{"id":10865,"date":"2024-12-19T00:05:54","date_gmt":"2024-12-19T00:05:54","guid":{"rendered":"https:\/\/maquinsa.com.ni\/redesign\/?post_type=product&#038;p=10865"},"modified":"2024-12-19T00:05:54","modified_gmt":"2024-12-19T00:05:54","slug":"xedex","status":"publish","type":"product","link":"https:\/\/maquinsa.com.ni\/redesign\/producto\/xedex\/","title":{"rendered":"XEDEX"},"content":{"rendered":"","protected":false},"excerpt":{"rendered":"<p class=\"p1\">Consigue una limpieza profunda que elimina las manchas m\u00e1s dif\u00edciles, desde las de comida hasta las de grasa. Su f\u00f3rmula especial cuida tus prendas y superficies, manteni\u00e9ndolas vibrantes por m\u00e1s tiempo. Adem\u00e1s, su agradable aroma perfuma tu ropa y tu hogar.<\/p>\n<p class=\"p1\"><b>Marca: <\/b>FAB, Xedex, Ultraklin, Lariansa y m\u00e1s&#8230;<\/p>\n<p class=\"p1\"><b>Presentaciones: <\/b>140g, 250g, 500g, 1Kg, 5Kg, 15Kg.<\/p>\n","protected":false},"featured_media":10866,"comment_status":"open","ping_status":"closed","template":"","meta":{"_joinchat":[]},"product_brand":[],"product_cat":[118],"product_tag":[],"class_list":{"0":"post-10865","1":"product","2":"type-product","3":"status-publish","4":"has-post-thumbnail","6":"product_cat-utensilios-de-limpieza","8":"first","9":"instock","10":"virtual","11":"purchasable","12":"product-type-simple"},"_links":{"self":[{"href":"https:\/\/maquinsa.com.ni\/redesign\/wp-json\/wp\/v2\/product\/10865","targetHints":{"allow":["GET"]}}],"collection":[{"href":"https:\/\/maquinsa.com.ni\/redesign\/wp-json\/wp\/v2\/product"}],"about":[{"href":"https:\/\/maquinsa.com.ni\/redesign\/wp-json\/wp\/v2\/types\/product"}],"replies":[{"embeddable":true,"href":"https:\/\/maquinsa.com.ni\/redesign\/wp-json\/wp\/v2\/comments?post=10865"}],"version-history":[{"count":1,"href":"https:\/\/maquinsa.com.ni\/redesign\/wp-json\/wp\/v2\/product\/10865\/revisions"}],"predecessor-version":[{"id":10867,"href":"https:\/\/maquinsa.com.ni\/redesign\/wp-json\/wp\/v2\/product\/10865\/revisions\/10867"}],"wp:featuredmedia":[{"embeddable":true,"href":"https:\/\/maquinsa.com.ni\/redesign\/wp-json\/wp\/v2\/media\/10866"}],"wp:attachment":[{"href":"https:\/\/maquinsa.com.ni\/redesign\/wp-json\/wp\/v2\/media?parent=10865"}],"wp:term":[{"taxonomy":"product_brand","embeddable":true,"href":"https:\/\/maquinsa.com.ni\/redesign\/wp-json\/wp\/v2\/product_brand?post=10865"},{"taxonomy":"product_cat","embeddable":true,"href":"https:\/\/maquinsa.com.ni\/redesign\/wp-json\/wp\/v2\/product_cat?post=10865"},{"taxonomy":"product_tag","embeddable":true,"href":"https:\/\/maquinsa.com.ni\/redesign\/wp-json\/wp\/v2\/product_tag?post=10865"}],"curies":[{"name":"wp","href":"https:\/\/api.w.org\/{rel}","templated":true}]}}