{"id":10895,"date":"2024-12-19T00:46:23","date_gmt":"2024-12-19T00:46:23","guid":{"rendered":"https:\/\/maquinsa.com.ni\/redesign\/?post_type=product&#038;p=10895"},"modified":"2024-12-19T00:46:23","modified_gmt":"2024-12-19T00:46:23","slug":"jabon-de-tocador-protex-110g","status":"publish","type":"product","link":"https:\/\/maquinsa.com.ni\/redesign\/producto\/jabon-de-tocador-protex-110g\/","title":{"rendered":"Jab\u00f3n de Tocador Protex 110g"},"content":{"rendered":"","protected":false},"excerpt":{"rendered":"<p class=\"p1\">Ofrece una protecci\u00f3n eficaz contra bacterias y g\u00e9rmenes, garantizando una higiene profunda y segura para tu piel. Su f\u00f3rmula avanzada combate las infecciones, eliminando bacterias y previniendo su aparici\u00f3n, mientras deja la piel suave y fresca. Ideal para el uso diario<b>.<\/b><\/p>\n<p class=\"p1\"><b>Nota: <\/b>Diferentes fragancias<\/p>\n","protected":false},"featured_media":10896,"comment_status":"open","ping_status":"closed","template":"","meta":{"_joinchat":[]},"product_brand":[],"product_cat":[118],"product_tag":[],"class_list":{"0":"post-10895","1":"product","2":"type-product","3":"status-publish","4":"has-post-thumbnail","6":"product_cat-utensilios-de-limpieza","8":"first","9":"instock","10":"virtual","11":"purchasable","12":"product-type-simple"},"_links":{"self":[{"href":"https:\/\/maquinsa.com.ni\/redesign\/wp-json\/wp\/v2\/product\/10895","targetHints":{"allow":["GET"]}}],"collection":[{"href":"https:\/\/maquinsa.com.ni\/redesign\/wp-json\/wp\/v2\/product"}],"about":[{"href":"https:\/\/maquinsa.com.ni\/redesign\/wp-json\/wp\/v2\/types\/product"}],"replies":[{"embeddable":true,"href":"https:\/\/maquinsa.com.ni\/redesign\/wp-json\/wp\/v2\/comments?post=10895"}],"version-history":[{"count":1,"href":"https:\/\/maquinsa.com.ni\/redesign\/wp-json\/wp\/v2\/product\/10895\/revisions"}],"predecessor-version":[{"id":10897,"href":"https:\/\/maquinsa.com.ni\/redesign\/wp-json\/wp\/v2\/product\/10895\/revisions\/10897"}],"wp:featuredmedia":[{"embeddable":true,"href":"https:\/\/maquinsa.com.ni\/redesign\/wp-json\/wp\/v2\/media\/10896"}],"wp:attachment":[{"href":"https:\/\/maquinsa.com.ni\/redesign\/wp-json\/wp\/v2\/media?parent=10895"}],"wp:term":[{"taxonomy":"product_brand","embeddable":true,"href":"https:\/\/maquinsa.com.ni\/redesign\/wp-json\/wp\/v2\/product_brand?post=10895"},{"taxonomy":"product_cat","embeddable":true,"href":"https:\/\/maquinsa.com.ni\/redesign\/wp-json\/wp\/v2\/product_cat?post=10895"},{"taxonomy":"product_tag","embeddable":true,"href":"https:\/\/maquinsa.com.ni\/redesign\/wp-json\/wp\/v2\/product_tag?post=10895"}],"curies":[{"name":"wp","href":"https:\/\/api.w.org\/{rel}","templated":true}]}}