{"id":10954,"date":"2025-01-09T16:03:05","date_gmt":"2025-01-09T16:03:05","guid":{"rendered":"https:\/\/maquinsa.com.ni\/redesign\/?post_type=product&#038;p=10954"},"modified":"2025-01-09T16:03:05","modified_gmt":"2025-01-09T16:03:05","slug":"mascarilla-triple-capa","status":"publish","type":"product","link":"https:\/\/maquinsa.com.ni\/redesign\/producto\/mascarilla-triple-capa\/","title":{"rendered":"Mascarilla Triple capa"},"content":{"rendered":"","protected":false},"excerpt":{"rendered":"<p class=\"p1\">Mascarilla plana de 3 pliegues descartable con tres capas de tela y banda el\u00e1stica con sujeci\u00f3n lateral y moldura nasal, destinada a reducir los contactos infecciosos. Confortable f\u00e1cil de usar, amigable al contacto con la piel.<\/p>\n<p class=\"p1\"><b>Cant:<\/b> 100und<\/p>\n","protected":false},"featured_media":10934,"comment_status":"open","ping_status":"closed","template":"","meta":{"_joinchat":[]},"product_brand":[],"product_cat":[135],"product_tag":[],"class_list":{"0":"post-10954","1":"product","2":"type-product","3":"status-publish","4":"has-post-thumbnail","6":"product_cat-oficina","8":"first","9":"instock","10":"virtual","11":"purchasable","12":"product-type-simple"},"_links":{"self":[{"href":"https:\/\/maquinsa.com.ni\/redesign\/wp-json\/wp\/v2\/product\/10954","targetHints":{"allow":["GET"]}}],"collection":[{"href":"https:\/\/maquinsa.com.ni\/redesign\/wp-json\/wp\/v2\/product"}],"about":[{"href":"https:\/\/maquinsa.com.ni\/redesign\/wp-json\/wp\/v2\/types\/product"}],"replies":[{"embeddable":true,"href":"https:\/\/maquinsa.com.ni\/redesign\/wp-json\/wp\/v2\/comments?post=10954"}],"version-history":[{"count":1,"href":"https:\/\/maquinsa.com.ni\/redesign\/wp-json\/wp\/v2\/product\/10954\/revisions"}],"predecessor-version":[{"id":10955,"href":"https:\/\/maquinsa.com.ni\/redesign\/wp-json\/wp\/v2\/product\/10954\/revisions\/10955"}],"wp:featuredmedia":[{"embeddable":true,"href":"https:\/\/maquinsa.com.ni\/redesign\/wp-json\/wp\/v2\/media\/10934"}],"wp:attachment":[{"href":"https:\/\/maquinsa.com.ni\/redesign\/wp-json\/wp\/v2\/media?parent=10954"}],"wp:term":[{"taxonomy":"product_brand","embeddable":true,"href":"https:\/\/maquinsa.com.ni\/redesign\/wp-json\/wp\/v2\/product_brand?post=10954"},{"taxonomy":"product_cat","embeddable":true,"href":"https:\/\/maquinsa.com.ni\/redesign\/wp-json\/wp\/v2\/product_cat?post=10954"},{"taxonomy":"product_tag","embeddable":true,"href":"https:\/\/maquinsa.com.ni\/redesign\/wp-json\/wp\/v2\/product_tag?post=10954"}],"curies":[{"name":"wp","href":"https:\/\/api.w.org\/{rel}","templated":true}]}}