{"id":11119,"date":"2025-01-14T23:05:13","date_gmt":"2025-01-14T23:05:13","guid":{"rendered":"https:\/\/maquinsa.com.ni\/redesign\/?post_type=product&#038;p=11119"},"modified":"2025-01-14T23:17:50","modified_gmt":"2025-01-14T23:17:50","slug":"mae","status":"publish","type":"product","link":"https:\/\/maquinsa.com.ni\/redesign\/producto\/mae\/","title":{"rendered":"Mae"},"content":{"rendered":"","protected":false},"excerpt":{"rendered":"<p class=\"p1\">Puntera steel toe y ojetes de metal Brindan el m\u00e1ximo nivel de protecci\u00f3n contra impactos y compresi\u00f3n, asegurando una defensa superior en entornos laborales exigentes. Est\u00e1n dise\u00f1adas para ofrecer protecci\u00f3n el\u00e9ctrica de hasta 14,000 voltios en condiciones secas, garantizando seguridad adicional en ambientes de alto riesgo el\u00e9ctrico.<\/p>\n<p class=\"p1\"><b>Talla: <\/b>Desde 36 a 40<\/p>\n<p class=\"p1\"><b>Nota:<\/b> consulte disponibilidad y tallas<\/p>\n","protected":false},"featured_media":11123,"comment_status":"open","ping_status":"closed","template":"","meta":{"_joinchat":[]},"product_brand":[],"product_cat":[82,101],"product_tag":[],"class_list":{"0":"post-11119","1":"product","2":"type-product","3":"status-publish","4":"has-post-thumbnail","6":"product_cat-calzado","7":"product_cat-industrial-punta-metalica","9":"first","10":"instock","11":"virtual","12":"purchasable","13":"product-type-simple"},"_links":{"self":[{"href":"https:\/\/maquinsa.com.ni\/redesign\/wp-json\/wp\/v2\/product\/11119","targetHints":{"allow":["GET"]}}],"collection":[{"href":"https:\/\/maquinsa.com.ni\/redesign\/wp-json\/wp\/v2\/product"}],"about":[{"href":"https:\/\/maquinsa.com.ni\/redesign\/wp-json\/wp\/v2\/types\/product"}],"replies":[{"embeddable":true,"href":"https:\/\/maquinsa.com.ni\/redesign\/wp-json\/wp\/v2\/comments?post=11119"}],"version-history":[{"count":1,"href":"https:\/\/maquinsa.com.ni\/redesign\/wp-json\/wp\/v2\/product\/11119\/revisions"}],"predecessor-version":[{"id":11124,"href":"https:\/\/maquinsa.com.ni\/redesign\/wp-json\/wp\/v2\/product\/11119\/revisions\/11124"}],"wp:featuredmedia":[{"embeddable":true,"href":"https:\/\/maquinsa.com.ni\/redesign\/wp-json\/wp\/v2\/media\/11123"}],"wp:attachment":[{"href":"https:\/\/maquinsa.com.ni\/redesign\/wp-json\/wp\/v2\/media?parent=11119"}],"wp:term":[{"taxonomy":"product_brand","embeddable":true,"href":"https:\/\/maquinsa.com.ni\/redesign\/wp-json\/wp\/v2\/product_brand?post=11119"},{"taxonomy":"product_cat","embeddable":true,"href":"https:\/\/maquinsa.com.ni\/redesign\/wp-json\/wp\/v2\/product_cat?post=11119"},{"taxonomy":"product_tag","embeddable":true,"href":"https:\/\/maquinsa.com.ni\/redesign\/wp-json\/wp\/v2\/product_tag?post=11119"}],"curies":[{"name":"wp","href":"https:\/\/api.w.org\/{rel}","templated":true}]}}